{"id":8,"date":"2018-12-21T18:35:11","date_gmt":"2018-12-21T18:35:11","guid":{"rendered":"http:\/\/poorwhitetrash.de\/?page_id=8"},"modified":"2026-02-21T19:18:05","modified_gmt":"2026-02-21T19:18:05","slug":"die-band","status":"publish","type":"page","link":"http:\/\/poorwhitetrash.de\/?page_id=8","title":{"rendered":"Die Band"},"content":{"rendered":"\r\n<p>Liebe Fangemeinde,<\/p>\r\n<p>Poor White Trash ist wieder da. Die neuen Veranstaltungen findet Ihr auf der Seite bevorstehende Veranstaltungen.<\/p>\r\n<p>Seit Anfang Januar 2025 haben wir zwei neue Bandmitglieder :<\/p>\r\n<p>-Alfredo Drochner\u00a0 &#8211; Gesang\u00a0 und Michael Strahl &#8211; Leadgitarre, Gesang und Harp<\/p>\r\n<p>Die ersten Veranstaltungen sind geplant. Bitte schaut unter bevorstehende Veranstaltungen. Wir freuen uns auf eine tolle Zeit mit Euch in neuer Besetzung !!!<\/p>\r\n<p><img loading=\"lazy\" decoding=\"async\" class=\"alignnone  wp-image-635\" src=\"http:\/\/poorwhitetrash.de\/wp-content\/uploads\/2025\/03\/Titel2-Drumset-300x203.jpg\" alt=\"\" width=\"281\" height=\"190\" srcset=\"http:\/\/poorwhitetrash.de\/wp-content\/uploads\/2025\/03\/Titel2-Drumset-300x203.jpg 300w, http:\/\/poorwhitetrash.de\/wp-content\/uploads\/2025\/03\/Titel2-Drumset-1024x692.jpg 1024w, http:\/\/poorwhitetrash.de\/wp-content\/uploads\/2025\/03\/Titel2-Drumset-768x519.jpg 768w, http:\/\/poorwhitetrash.de\/wp-content\/uploads\/2025\/03\/Titel2-Drumset-1200x811.jpg 1200w, http:\/\/poorwhitetrash.de\/wp-content\/uploads\/2025\/03\/Titel2-Drumset.jpg 1464w\" sizes=\"auto, (max-width: 281px) 85vw, 281px\" \/>\u00a0\u00a0<img loading=\"lazy\" decoding=\"async\" class=\"alignnone size-medium wp-image-648\" src=\"http:\/\/poorwhitetrash.de\/wp-content\/uploads\/2025\/03\/IMG-20250310-WA0001-300x300.jpg\" alt=\"\" width=\"300\" height=\"300\" srcset=\"http:\/\/poorwhitetrash.de\/wp-content\/uploads\/2025\/03\/IMG-20250310-WA0001-300x300.jpg 300w, http:\/\/poorwhitetrash.de\/wp-content\/uploads\/2025\/03\/IMG-20250310-WA0001-1024x1024.jpg 1024w, http:\/\/poorwhitetrash.de\/wp-content\/uploads\/2025\/03\/IMG-20250310-WA0001-150x150.jpg 150w, http:\/\/poorwhitetrash.de\/wp-content\/uploads\/2025\/03\/IMG-20250310-WA0001-768x768.jpg 768w, http:\/\/poorwhitetrash.de\/wp-content\/uploads\/2025\/03\/IMG-20250310-WA0001-1536x1536.jpg 1536w, http:\/\/poorwhitetrash.de\/wp-content\/uploads\/2025\/03\/IMG-20250310-WA0001-1200x1200.jpg 1200w, http:\/\/poorwhitetrash.de\/wp-content\/uploads\/2025\/03\/IMG-20250310-WA0001.jpg 1600w\" sizes=\"auto, (max-width: 300px) 85vw, 300px\" \/><\/p>\r\n<p>Bis demn\u00e4chst.\u00a0 \u00a0 \u00a0 \u00a0 \u00a0 \u00a0<img loading=\"lazy\" decoding=\"async\" class=\"alignnone  wp-image-649\" src=\"http:\/\/poorwhitetrash.de\/wp-content\/uploads\/2025\/03\/20250310_185745-300x201.jpg\" alt=\"\" width=\"336\" height=\"225\" srcset=\"http:\/\/poorwhitetrash.de\/wp-content\/uploads\/2025\/03\/20250310_185745-300x201.jpg 300w, http:\/\/poorwhitetrash.de\/wp-content\/uploads\/2025\/03\/20250310_185745-1024x687.jpg 1024w, http:\/\/poorwhitetrash.de\/wp-content\/uploads\/2025\/03\/20250310_185745-768x516.jpg 768w, http:\/\/poorwhitetrash.de\/wp-content\/uploads\/2025\/03\/20250310_185745-1536x1031.jpg 1536w, http:\/\/poorwhitetrash.de\/wp-content\/uploads\/2025\/03\/20250310_185745-2048x1375.jpg 2048w, http:\/\/poorwhitetrash.de\/wp-content\/uploads\/2025\/03\/20250310_185745-1200x806.jpg 1200w\" sizes=\"auto, (max-width: 336px) 85vw, 336px\" \/><\/p>\r\n<p>Eure Jungs von\u00a0 Poor White Trash<\/p>\r\n<p>Schaut doch gelegentlich vorbei&#8230; auch falls es mal \u00c4nderungen oder was neues gibt.<\/p>\r\n<p><strong>Poor White Trash<\/strong>: so unser Bandname. Wie kann sich eine Band &#8222;armer wei\u00dfer M\u00fcll&#8220; nennen? Die Band Poor White Trash wurde im Jahr 2024 nun doch schon 20 Jahre alt. Wir haben am Anfang fast ausschlie\u00dflich Blues gespielt. Der Blues entstand im alten Amerika und wurde von den Schwarzen gespielt. Blues hat viele Farben und besch\u00e4ftigt sich mit dem Leben der einfachen Leute. Liebe, Gl\u00fcck und Leiden der Menschen wurden im Blues besungen und ausgedr\u00fcckt. Als die ersten wei\u00dfen Amerikaner anfingen Blues zu spielen, sagten die Schwarzen dazu sp\u00f6ttisch &#8222;poor white trash&#8220; = &#8222;armer wei\u00dfer M\u00fcll&#8220;. Der Blues war der Ursprung des Rock and Roll, der gesamten darauf folgenden Beat-, Rock-, bis hin zur Heavy Metal-Aera. Poor White Trash spielt Rock- und Blues Musik mit Country-, Soul- und Beat-Nuancen. Songs von Jimi Hendrix, Muddy Waters und ZZ Top stehen bei uns genauso auf dem Programm wie die von Ten Years After, The Rolling Stones, Chris Rea, The Band, Cream, Tom Petty und vielen Anderen. Wir wollen diese Musik am Leben erhalten und so spielen, wie es immer gemacht wurde. Mit dieser Musik sind wir aufgewachsen, haben sie lieben gelernt und gehen mit ihr um, wie mit einem wertvollen Schatz, welcher sie auch ist. Es bereitet uns gro\u00dfe Freude als Band &#8222;Poor White Trash&#8220; diese Songs weiterhin unter die Leute zu bringen. Wir bekommen immer wieder ein dankbares und positives Feedback von den Leuten, die dort hinkommen wo wir sind. Das ist schon ein tolles Gef\u00fchl. Es liegt dann Unbeschwertheit und Leichtigkeit in der Luft. In diesem Sinne: &#8222;It\u00b4s only Rock and Roll&#8220;, denn der hat ganze Generationen bewegt.<\/p>\r\n<figure class=\"wp-block-image\"><img loading=\"lazy\" decoding=\"async\" class=\"wp-image-78\" src=\"http:\/\/poorwhitetrash.de\/wp-content\/uploads\/2018\/12\/Karsten-Schnasi-c-1024x660.jpg\" alt=\"\" width=\"803\" height=\"517\" srcset=\"http:\/\/poorwhitetrash.de\/wp-content\/uploads\/2018\/12\/Karsten-Schnasi-c-1024x660.jpg 1024w, http:\/\/poorwhitetrash.de\/wp-content\/uploads\/2018\/12\/Karsten-Schnasi-c-300x193.jpg 300w, http:\/\/poorwhitetrash.de\/wp-content\/uploads\/2018\/12\/Karsten-Schnasi-c-768x495.jpg 768w\" sizes=\"auto, (max-width: 803px) 85vw, 803px\" \/><strong>Gitarre, Gesang und Harp: Karsten <\/strong><br \/>\r\n<figcaption><strong>\u00a0<\/strong><\/figcaption>\r\n<\/figure>\r\n\r\n\r\n\r\n<figure class=\"wp-block-image\"><img loading=\"lazy\" decoding=\"async\" class=\"wp-image-85\" src=\"http:\/\/poorwhitetrash.de\/wp-content\/uploads\/2018\/12\/OL-c.jpg\" alt=\"\" width=\"808\" height=\"574\" srcset=\"http:\/\/poorwhitetrash.de\/wp-content\/uploads\/2018\/12\/OL-c.jpg 899w, http:\/\/poorwhitetrash.de\/wp-content\/uploads\/2018\/12\/OL-c-300x213.jpg 300w, http:\/\/poorwhitetrash.de\/wp-content\/uploads\/2018\/12\/OL-c-768x546.jpg 768w\" sizes=\"auto, (max-width: 808px) 85vw, 808px\" \/>\r\n<figcaption><strong>Drums und Harp: Olaf <br \/><br \/><\/strong><\/figcaption>\r\n<\/figure>\r\n\r\n\r\n\r\n<figure class=\"wp-block-image\"><img loading=\"lazy\" decoding=\"async\" width=\"494\" height=\"740\" class=\"wp-image-135\" src=\"http:\/\/poorwhitetrash.de\/wp-content\/uploads\/2018\/12\/Schnasi-e.jpg\" alt=\"\" srcset=\"http:\/\/poorwhitetrash.de\/wp-content\/uploads\/2018\/12\/Schnasi-e.jpg 494w, http:\/\/poorwhitetrash.de\/wp-content\/uploads\/2018\/12\/Schnasi-e-200x300.jpg 200w\" sizes=\"auto, (max-width: 494px) 85vw, 494px\" \/>\r\n<figcaption><strong><strong>Bass und Gesang: Schnasi Schnashorn <br \/><br \/><img loading=\"lazy\" decoding=\"async\" class=\"alignnone  wp-image-650\" src=\"http:\/\/poorwhitetrash.de\/wp-content\/uploads\/2025\/03\/20250310_190437-206x300.jpg\" alt=\"\" width=\"266\" height=\"388\" srcset=\"http:\/\/poorwhitetrash.de\/wp-content\/uploads\/2025\/03\/20250310_190437-206x300.jpg 206w, http:\/\/poorwhitetrash.de\/wp-content\/uploads\/2025\/03\/20250310_190437-704x1024.jpg 704w, http:\/\/poorwhitetrash.de\/wp-content\/uploads\/2025\/03\/20250310_190437-768x1116.jpg 768w, http:\/\/poorwhitetrash.de\/wp-content\/uploads\/2025\/03\/20250310_190437-1057x1536.jpg 1057w, http:\/\/poorwhitetrash.de\/wp-content\/uploads\/2025\/03\/20250310_190437-1409x2048.jpg 1409w, http:\/\/poorwhitetrash.de\/wp-content\/uploads\/2025\/03\/20250310_190437-1200x1744.jpg 1200w, http:\/\/poorwhitetrash.de\/wp-content\/uploads\/2025\/03\/20250310_190437-scaled.jpg 1761w\" sizes=\"auto, (max-width: 266px) 85vw, 266px\" \/><br \/>Gesang :\u00a0 Alfredo Drochner<br \/><br \/><img loading=\"lazy\" decoding=\"async\" class=\"alignnone  wp-image-651\" src=\"http:\/\/poorwhitetrash.de\/wp-content\/uploads\/2025\/03\/20250310_190425-180x300.jpg\" alt=\"\" width=\"260\" height=\"433\" srcset=\"http:\/\/poorwhitetrash.de\/wp-content\/uploads\/2025\/03\/20250310_190425-180x300.jpg 180w, http:\/\/poorwhitetrash.de\/wp-content\/uploads\/2025\/03\/20250310_190425-614x1024.jpg 614w, http:\/\/poorwhitetrash.de\/wp-content\/uploads\/2025\/03\/20250310_190425-768x1280.jpg 768w, http:\/\/poorwhitetrash.de\/wp-content\/uploads\/2025\/03\/20250310_190425-922x1536.jpg 922w, http:\/\/poorwhitetrash.de\/wp-content\/uploads\/2025\/03\/20250310_190425-1229x2048.jpg 1229w, http:\/\/poorwhitetrash.de\/wp-content\/uploads\/2025\/03\/20250310_190425-1200x2000.jpg 1200w, http:\/\/poorwhitetrash.de\/wp-content\/uploads\/2025\/03\/20250310_190425-scaled.jpg 1536w\" sizes=\"auto, (max-width: 260px) 85vw, 260px\" \/><br \/>Leadgitarre, Gesang und Harp: Michael Strahl<br \/><br \/>\u00a0\u00a0\u00a0\u00a0\u00a0\u00a0\u00a0\u00a0\u00a0\u00a0\u00a0\u00a0\u00a0\u00a0\u00a0\u00a0\u00a0\u00a0\u00a0\u00a0\u00a0\u00a0\u00a0\u00a0\u00a0\u00a0\u00a0\u00a0\u00a0\u00a0\u00a0\u00a0\u00a0\u00a0\u00a0\u00a0\u00a0\u00a0\u00a0\u00a0\u00a0\u00a0\u00a0\u00a0 <img loading=\"lazy\" decoding=\"async\" class=\"alignnone size-medium wp-image-648\" src=\"http:\/\/poorwhitetrash.de\/wp-content\/uploads\/2025\/03\/IMG-20250310-WA0001-300x300.jpg\" alt=\"\" width=\"300\" height=\"300\" srcset=\"http:\/\/poorwhitetrash.de\/wp-content\/uploads\/2025\/03\/IMG-20250310-WA0001-300x300.jpg 300w, http:\/\/poorwhitetrash.de\/wp-content\/uploads\/2025\/03\/IMG-20250310-WA0001-1024x1024.jpg 1024w, http:\/\/poorwhitetrash.de\/wp-content\/uploads\/2025\/03\/IMG-20250310-WA0001-150x150.jpg 150w, http:\/\/poorwhitetrash.de\/wp-content\/uploads\/2025\/03\/IMG-20250310-WA0001-768x768.jpg 768w, http:\/\/poorwhitetrash.de\/wp-content\/uploads\/2025\/03\/IMG-20250310-WA0001-1536x1536.jpg 1536w, http:\/\/poorwhitetrash.de\/wp-content\/uploads\/2025\/03\/IMG-20250310-WA0001-1200x1200.jpg 1200w, http:\/\/poorwhitetrash.de\/wp-content\/uploads\/2025\/03\/IMG-20250310-WA0001.jpg 1600w\" sizes=\"auto, (max-width: 300px) 85vw, 300px\" \/><br \/><br \/><br \/><img loading=\"lazy\" decoding=\"async\" class=\"alignnone  wp-image-511\" src=\"http:\/\/poorwhitetrash.de\/wp-content\/uploads\/2018\/12\/cropped-PWT-Koenigshort-b-300x300.jpg\" alt=\"\" width=\"250\" height=\"250\" srcset=\"http:\/\/poorwhitetrash.de\/wp-content\/uploads\/2018\/12\/cropped-PWT-Koenigshort-b-300x300.jpg 300w, http:\/\/poorwhitetrash.de\/wp-content\/uploads\/2018\/12\/cropped-PWT-Koenigshort-b-150x150.jpg 150w, http:\/\/poorwhitetrash.de\/wp-content\/uploads\/2018\/12\/cropped-PWT-Koenigshort-b-270x270.jpg 270w, http:\/\/poorwhitetrash.de\/wp-content\/uploads\/2018\/12\/cropped-PWT-Koenigshort-b-192x192.jpg 192w, http:\/\/poorwhitetrash.de\/wp-content\/uploads\/2018\/12\/cropped-PWT-Koenigshort-b-180x180.jpg 180w, http:\/\/poorwhitetrash.de\/wp-content\/uploads\/2018\/12\/cropped-PWT-Koenigshort-b-32x32.jpg 32w, http:\/\/poorwhitetrash.de\/wp-content\/uploads\/2018\/12\/cropped-PWT-Koenigshort-b.jpg 512w\" sizes=\"auto, (max-width: 250px) 85vw, 250px\" \/><\/strong><\/strong><img loading=\"lazy\" decoding=\"async\" class=\" wp-image-411\" src=\"http:\/\/poorwhitetrash.de\/wp-content\/uploads\/2020\/06\/Tegel-2019-b-300x225.jpg\" alt=\"\" width=\"336\" height=\"252\" srcset=\"http:\/\/poorwhitetrash.de\/wp-content\/uploads\/2020\/06\/Tegel-2019-b-300x225.jpg 300w, http:\/\/poorwhitetrash.de\/wp-content\/uploads\/2020\/06\/Tegel-2019-b-1024x769.jpg 1024w, http:\/\/poorwhitetrash.de\/wp-content\/uploads\/2020\/06\/Tegel-2019-b-768x577.jpg 768w, http:\/\/poorwhitetrash.de\/wp-content\/uploads\/2020\/06\/Tegel-2019-b.jpg 1321w\" sizes=\"auto, (max-width: 336px) 85vw, 336px\" \/><\/figcaption>\r\n<\/figure>\r\n\r\n\r\n\r\n\r\n\r\n\r\n\r\n<p>&nbsp;<\/p>\r\n","protected":false},"excerpt":{"rendered":"<p>Liebe Fangemeinde, Poor White Trash ist wieder da. Die neuen Veranstaltungen findet Ihr auf der Seite bevorstehende Veranstaltungen. Seit Anfang Januar 2025 haben wir zwei neue Bandmitglieder : -Alfredo Drochner\u00a0 &#8211; Gesang\u00a0 und Michael Strahl &#8211; Leadgitarre, Gesang und Harp Die ersten Veranstaltungen sind geplant. Bitte schaut unter bevorstehende Veranstaltungen. Wir freuen uns auf eine &hellip; <a href=\"http:\/\/poorwhitetrash.de\/?page_id=8\" class=\"more-link\"><span class=\"screen-reader-text\">\u201eDie Band\u201c <\/span>weiterlesen<\/a><\/p>\n","protected":false},"author":1,"featured_media":618,"parent":0,"menu_order":0,"comment_status":"closed","ping_status":"closed","template":"","meta":{"footnotes":""},"class_list":["post-8","page","type-page","status-publish","has-post-thumbnail","hentry"],"jetpack_sharing_enabled":true,"_links":{"self":[{"href":"http:\/\/poorwhitetrash.de\/index.php?rest_route=\/wp\/v2\/pages\/8","targetHints":{"allow":["GET"]}}],"collection":[{"href":"http:\/\/poorwhitetrash.de\/index.php?rest_route=\/wp\/v2\/pages"}],"about":[{"href":"http:\/\/poorwhitetrash.de\/index.php?rest_route=\/wp\/v2\/types\/page"}],"author":[{"embeddable":true,"href":"http:\/\/poorwhitetrash.de\/index.php?rest_route=\/wp\/v2\/users\/1"}],"replies":[{"embeddable":true,"href":"http:\/\/poorwhitetrash.de\/index.php?rest_route=%2Fwp%2Fv2%2Fcomments&post=8"}],"version-history":[{"count":32,"href":"http:\/\/poorwhitetrash.de\/index.php?rest_route=\/wp\/v2\/pages\/8\/revisions"}],"predecessor-version":[{"id":677,"href":"http:\/\/poorwhitetrash.de\/index.php?rest_route=\/wp\/v2\/pages\/8\/revisions\/677"}],"wp:featuredmedia":[{"embeddable":true,"href":"http:\/\/poorwhitetrash.de\/index.php?rest_route=\/wp\/v2\/media\/618"}],"wp:attachment":[{"href":"http:\/\/poorwhitetrash.de\/index.php?rest_route=%2Fwp%2Fv2%2Fmedia&parent=8"}],"curies":[{"name":"wp","href":"https:\/\/api.w.org\/{rel}","templated":true}]}}